{"id":2517,"date":"2019-11-22T04:11:25","date_gmt":"2019-11-22T04:11:25","guid":{"rendered":"https:\/\/golotest.uxper.co?page_id=2517"},"modified":"2026-02-03T23:13:13","modified_gmt":"2026-02-03T21:13:13","slug":"about-us","status":"publish","type":"page","link":"https:\/\/transatravel.ro\/en\/despre-noi\/","title":{"rendered":"About us"},"content":{"rendered":"<div id=\"lp_69e5ad0ec032e\" class=\"lp-section-row\">\n\t\t<div class=\"lp_section_inner  clearfix container\"  style=\"background-repeat: no-repeat;\"><div class=\"clearfix\"><div class=\"row lp-section-content clearfix\"><div class=\"wpb_column vc_column_container vc_col-sm-12\"><div class=\"vc_column-inner\"><div class=\"wpb_wrapper\">\n\t<div class=\"wpb_text_column wpb_content_element\" >\n\t\t<div class=\"wpb_wrapper\">\n\t\t\t<h2>About us<\/h2>\n<p>Let us tell you about us<\/p>\n\n\t\t<\/div>\n\t<\/div>\n<\/div><\/div><\/div><\/div><\/div>\n\t\t<\/div>\n<\/div>\n<div  id=\"lp_69e5ad0ec0637\" class=\"lp-section-row\">\n\t\t<div class=\"lp_section_inner  clearfix container\"  style=\"background-repeat: no-repeat;\"><div class=\"clearfix\"><div class=\"row lp-section-content clearfix\"><div class=\"wpb_column vc_column_container vc_col-sm-6\"><div class=\"vc_column-inner\"><div class=\"wpb_wrapper\">\n\t<div class=\"wpb_text_column wpb_content_element\" >\n\t\t<div class=\"wpb_wrapper\">\n\t\t\t<p><a href=\"https:\/\/transatravel.ro\/en\/\"><img decoding=\"async\" src=\"https:\/\/transatravel.ro\/wp-content\/uploads\/2023\/04\/transatravel.ro_.png\" alt=\"TransaTravel Logo\" width=\"98%\" height=\"auto\" ><\/a><\/p>\n\n\t\t<\/div>\n\t<\/div>\n<\/div><\/div><\/div><div class=\"wpb_column vc_column_container vc_col-sm-6\"><div class=\"vc_column-inner\"><div class=\"wpb_wrapper\">\n\t<div class=\"wpb_text_column wpb_content_element\" >\n\t\t<div class=\"wpb_wrapper\">\n\t\t\t<h2>TransaTravel.ro<\/h2>\n<p>Get inspired and explore the spectacular Transalpina road with our detailed tourist guide!<br \/>\nDiscover the best sights, scenic trails, cosy hostels, delicious restaurants and local businesses in the area.<br \/>\nPlan your next adventure with ease and make the most of the Transalpina experience.<br \/>\nStart planning now!<\/p>\n\n\t\t<\/div>\n\t<\/div>\n<\/div><\/div><\/div><\/div><\/div>\n\t\t<\/div>\n<\/div>\n<div  id=\"lp_69e5ad0ec08c5\" class=\"lp-section-row\">\n\t\t<div class=\"lp_section_inner  clearfix container\"  style=\"background-repeat: no-repeat;\"><div class=\"clearfix\"><div class=\"row lp-section-content clearfix\"><div class=\"wpb_column vc_column_container vc_col-sm-12\"><div class=\"vc_column-inner\"><div class=\"wpb_wrapper\">\n\t<div class=\"wpb_text_column wpb_content_element\" >\n\t\t<div class=\"wpb_wrapper\">\n\t\t\t<h3>Meet our team<\/h3>\n\n\t\t<\/div>\n\t<\/div>\n<\/div><\/div><\/div><\/div><\/div>\n\t\t<\/div>\n<\/div>\n<div  id=\"lp_69e5ad0ec0a18\" class=\"lp-section-row\">\n\t\t<div class=\"lp_section_inner  clearfix container\"  style=\"background-repeat: no-repeat;\"><div class=\"clearfix\"><div class=\"row lp-section-content clearfix\"><div class=\"wpb_column vc_column_container vc_col-sm-6\"><div class=\"vc_column-inner\"><div class=\"wpb_wrapper\">\n\t<div class=\"wpb_text_column wpb_content_element\" >\n\t\t<div class=\"wpb_wrapper\">\n\t\t\t<h3><a href=\"https:\/\/transatravel.ro\/en\/author\/iulianbocii\/\" rel=\"noopener\"><img decoding=\"async\" src=\"https:\/\/transatravel.ro\/wp-content\/uploads\/2025\/11\/iulian-bocii-e1764017004983.jpg\" alt=\"Iulian Bocii\" width=\"98%\" height=\"auto\" ><\/a><\/h3>\n<h3><a href=\"https:\/\/transatravel.ro\/en\/author\/iulianbocii\/\" rel=\"noopener\">Iulian Boc\u00eei<\/a><\/h3>\n<p>Webmaster<\/p>\n\n\t\t<\/div>\n\t<\/div>\n<\/div><\/div><\/div><div class=\"wpb_column vc_column_container vc_col-sm-6\"><div class=\"vc_column-inner\"><div class=\"wpb_wrapper\">\n\t<div class=\"wpb_text_column wpb_content_element\" >\n\t\t<div class=\"wpb_wrapper\">\n\t\t\t<h3><a href=\"https:\/\/transatravel.ro\/en\/author\/claudiab\/\" rel=\"noopener\"><img decoding=\"async\" src=\"https:\/\/transatravel.ro\/wp-content\/uploads\/2025\/11\/claudia-bocii-e1764017054292.jpg\" alt=\"Claudia Bocii\" width=\"98%\" height=\"auto\" ><\/a><\/h3>\n<h3><a href=\"https:\/\/transatravel.ro\/en\/author\/claudiab\/\" rel=\"noopener\">Claudia Boc\u00eei<\/a><\/h3>\n<p>Marketing<\/p>\n\n\t\t<\/div>\n\t<\/div>\n<\/div><\/div><\/div><\/div><\/div>\n\t\t<\/div>\n<\/div>\n<div  id=\"lp_69e5ad0ec0c5f\" class=\"lp-section-row\">\n\t\t<div class=\"lp_section_inner  clearfix container\"  style=\"background-repeat: no-repeat;\"><div class=\"clearfix\"><div class=\"row lp-section-content clearfix\"><div class=\"wpb_column vc_column_container vc_col-sm-12\"><div class=\"vc_column-inner\"><div class=\"wpb_wrapper\">\n\t<div class=\"wpb_text_column wpb_content_element\" >\n\t\t<div class=\"wpb_wrapper\">\n\t\t\t<h3>Join our team<\/h3>\n<p>We're always looking for talented people and people who want to do extraordinary things.<\/p>\n\n\t\t<\/div>\n\t<\/div>\n<div class=\"vc_btn3-container vc_btn3-inline vc_do_btn\" ><a class=\"vc_general vc_btn3 vc_btn3-size-md vc_btn3-shape-rounded vc_btn3-style-modern vc_btn3-color-primary\" href=\"\/en\/contact\/\" title=\"Contact us\">Contact us<\/a><\/div><\/div><\/div><\/div><\/div><\/div>\n\t\t<\/div>\n<\/div>","protected":false},"excerpt":{"rendered":"Despre noi Permite\u021bi-ne s\u0103 v\u0103 povestim despre noi TransaTravel.ro Inspir\u0103-te \u0219i exploreaz\u0103 spectaculoasa \u0219osea Transalpina cu ghidul nostru turistic detaliat! Descoper\u0103 cele mai bune atrac\u021bii turistice, trasee pitore\u0219ti, pensiuni confortabile, restaurante delicioase \u0219i afaceri locale din zon\u0103. Planific\u0103-\u021bi urm\u0103toarea aventur\u0103 cu u\u0219urin\u021b\u0103 \u0219i bucur\u0103-te la maximum de experien\u021ba Transalpina. \u00cencepe planificarea chiar acum! Face\u021bi cuno\u0219tin\u021b\u0103 [...]","protected":false},"author":1,"featured_media":27392,"parent":0,"menu_order":0,"comment_status":"closed","ping_status":"closed","template":"","meta":{"footnotes":""},"class_list":["post-2517","page","type-page","status-publish","has-post-thumbnail","hentry"],"aioseo_notices":[],"_links":{"self":[{"href":"https:\/\/transatravel.ro\/en\/wp-json\/wp\/v2\/pages\/2517","targetHints":{"allow":["GET"]}}],"collection":[{"href":"https:\/\/transatravel.ro\/en\/wp-json\/wp\/v2\/pages"}],"about":[{"href":"https:\/\/transatravel.ro\/en\/wp-json\/wp\/v2\/types\/page"}],"author":[{"embeddable":true,"href":"https:\/\/transatravel.ro\/en\/wp-json\/wp\/v2\/users\/1"}],"replies":[{"embeddable":true,"href":"https:\/\/transatravel.ro\/en\/wp-json\/wp\/v2\/comments?post=2517"}],"version-history":[{"count":2,"href":"https:\/\/transatravel.ro\/en\/wp-json\/wp\/v2\/pages\/2517\/revisions"}],"predecessor-version":[{"id":28170,"href":"https:\/\/transatravel.ro\/en\/wp-json\/wp\/v2\/pages\/2517\/revisions\/28170"}],"wp:featuredmedia":[{"embeddable":true,"href":"https:\/\/transatravel.ro\/en\/wp-json\/wp\/v2\/media\/27392"}],"wp:attachment":[{"href":"https:\/\/transatravel.ro\/en\/wp-json\/wp\/v2\/media?parent=2517"}],"curies":[{"name":"wp","href":"https:\/\/api.w.org\/{rel}","templated":true}]}}