{"id":27836,"date":"2025-12-27T14:27:01","date_gmt":"2025-12-27T12:27:01","guid":{"rendered":"https:\/\/transatravel.ro\/?page_id=27836"},"modified":"2025-12-30T15:01:13","modified_gmt":"2025-12-30T13:01:13","slug":"locations","status":"publish","type":"page","link":"https:\/\/transatravel.ro\/en\/locatii\/","title":{"rendered":"Locations and Events on Transalpina"},"content":{"rendered":"<div id=\"lp_69d505874a59a\" class=\"lp-section-row\">\n\t\t<div class=\"lp_section_inner  clearfix container\"  style=\"background-repeat: no-repeat;\"><div class=\"clearfix\"><div class=\"row lp-section-content clearfix\"><div class=\"lp-section-title-container text-center\"><h2 style=\"color:\"> Locations and Events near Transalpina<\/h2><\/div><div class=\"wpb_column vc_column_container vc_col-sm-12\"><div class=\"vc_column-inner\"><div class=\"wpb_wrapper\"><div class=\"lp-section-content-container\"> <div class=\"lp-locations\">   <div class=\"lp-locations-slider\"> <div class=\"col-md-2 col-xs-6\">\n                        <div class=\"lp-location-box\">\n                            <div class=\"lp-location-thumb\">\n                                <a href=\"https:\/\/transatravel.ro\/en\/locatii\/statiunea-ranca\/\"><img decoding=\"async\" src=\"https:\/\/transatravel.ro\/wp-content\/uploads\/2025\/11\/locatie-statiunea-ranca-270x400-185x175.jpg\" alt=\"R\u00e2nca Resort\" fetchpriority=\"high\"><\/a>\n                            <\/div>\n                            <div class=\"lp-location-bottom\">\n                                <a href=\"https:\/\/transatravel.ro\/en\/locatii\/statiunea-ranca\/\"><span class=\"lp-cat-name\">R\u00e2nca Resort<\/span> <span class=\"lp-cat-list-count\">6 Listings<\/span><\/a>\n                            <\/div>\n                        <\/div>\n                    <\/div><div class=\"col-md-2 col-xs-6\">\n                        <div class=\"lp-location-box\">\n                            <div class=\"lp-location-thumb\">\n                                <a href=\"https:\/\/transatravel.ro\/en\/locatii\/polovragi\/\"><img decoding=\"async\" src=\"https:\/\/transatravel.ro\/wp-content\/uploads\/2025\/11\/locatie-polovragi-270x400-185x175.jpg\" alt=\"Polovragi\" fetchpriority=\"high\"><\/a>\n                            <\/div>\n                            <div class=\"lp-location-bottom\">\n                                <a href=\"https:\/\/transatravel.ro\/en\/locatii\/polovragi\/\"><span class=\"lp-cat-name\">Polovragi<\/span> <span class=\"lp-cat-list-count\">4 Listings<\/span><\/a>\n                            <\/div>\n                        <\/div>\n                    <\/div><div class=\"col-md-2 col-xs-6\">\n                        <div class=\"lp-location-box\">\n                            <div class=\"lp-location-thumb\">\n                                <a href=\"https:\/\/transatravel.ro\/en\/locatii\/novaci\/\"><img decoding=\"async\" src=\"https:\/\/transatravel.ro\/wp-content\/uploads\/2025\/11\/locatie-novaci-270x400-185x175.jpg\" alt=\"Novaci\" fetchpriority=\"high\"><\/a>\n                            <\/div>\n                            <div class=\"lp-location-bottom\">\n                                <a href=\"https:\/\/transatravel.ro\/en\/locatii\/novaci\/\"><span class=\"lp-cat-name\">Novaci<\/span> <span class=\"lp-cat-list-count\">20 Listings<\/span><\/a>\n                            <\/div>\n                        <\/div>\n                    <\/div><div class=\"col-md-2 col-xs-6\">\n                        <div class=\"lp-location-box\">\n                            <div class=\"lp-location-thumb\">\n                                <a href=\"https:\/\/transatravel.ro\/en\/locatii\/crasna\/\"><img decoding=\"async\" src=\"https:\/\/transatravel.ro\/wp-content\/uploads\/2025\/11\/locatie-crasna-270x400-185x175.jpg\" alt=\"Crasna\" fetchpriority=\"high\"><\/a>\n                            <\/div>\n                            <div class=\"lp-location-bottom\">\n                                <a href=\"https:\/\/transatravel.ro\/en\/locatii\/crasna\/\"><span class=\"lp-cat-name\">Crasna<\/span> <span class=\"lp-cat-list-count\">3 Listings<\/span><\/a>\n                            <\/div>\n                        <\/div>\n                    <\/div><div class=\"col-md-2 col-xs-6\">\n                        <div class=\"lp-location-box\">\n                            <div class=\"lp-location-thumb\">\n                                <a href=\"https:\/\/transatravel.ro\/en\/locatii\/bumbesti-pitic\/\"><img decoding=\"async\" src=\"https:\/\/transatravel.ro\/wp-content\/uploads\/2025\/11\/locatie-bumbesti-pitic-270x400-185x175.jpg\" alt=\"Bumbe\u0219ti Pi\u021bic\" fetchpriority=\"high\"><\/a>\n                            <\/div>\n                            <div class=\"lp-location-bottom\">\n                                <a href=\"https:\/\/transatravel.ro\/en\/locatii\/bumbesti-pitic\/\"><span class=\"lp-cat-name\">Bumbe\u0219ti Pi\u021bic<\/span> <span class=\"lp-cat-list-count\">6 Listings<\/span><\/a>\n                            <\/div>\n                        <\/div>\n                    <\/div><div class=\"col-md-2 col-xs-6\">\n                        <div class=\"lp-location-box\">\n                            <div class=\"lp-location-thumb\">\n                                <a href=\"https:\/\/transatravel.ro\/en\/locatii\/baia-de-fier\/\"><img decoding=\"async\" src=\"https:\/\/transatravel.ro\/wp-content\/uploads\/2025\/11\/locatie-baia-de-fier-270x400-185x175.jpg\" alt=\"Baia de Fier\" fetchpriority=\"high\"><\/a>\n                            <\/div>\n                            <div class=\"lp-location-bottom\">\n                                <a href=\"https:\/\/transatravel.ro\/en\/locatii\/baia-de-fier\/\"><span class=\"lp-cat-name\">Baia de Fier<\/span> <span class=\"lp-cat-list-count\">8 Listings<\/span><\/a>\n                            <\/div>\n                        <\/div>\n                    <\/div>   <\/div><\/div><\/div><\/div><\/div><\/div><\/div><\/div>\n\t\t<\/div>\n<\/div>\n<div  id=\"lp_69d505875bbf2\" class=\"lp-section-row\">\n\t\t<div class=\"lp_section_inner  clearfix container\"  style=\"background-repeat: no-repeat;\"><div class=\"clearfix\"><div class=\"row lp-section-content clearfix\"><div class=\"lp-section-title-container text-center\"><h2 style=\"color:\"> Events near Transalpina<\/h2><\/div><div class=\"wpb_column vc_column_container vc_col-sm-12 vc_col-has-fill\"><div class=\"vc_column-inner vc_custom_1767099674913\"><div class=\"wpb_wrapper\">    <div class=\"lp-section-content-container listingcampaings\">\n        <div class=\"lp-listings grid-style\">\n            <div class=\"row\">\n                                    <div class=\"events-element-content-area-wrap\" data-num=\"1\">\n                        \n    <div class=\"col-md-4\" data-title=\"Pa\u0219te Autentic &amp; Egg Hunt la Lark Nest\" data-postid=\"28246\">\n        <div class=\"event-slide-wrap lp-event-grid-new\">\n            <div class=\"sidebar-post event-sidebar-wrapper\">\n                <div class=\"widget-box lp-event-outer\">\n                                            <div class=\"lp-event-image-container\">\n                            <div class=\"lp-event-image-overlay\"><\/div>\n                            <div class=\"lp-event-author-listing\">\n                                <img loading=\"lazy\" decoding=\"async\" alt='image' src=\"https:\/\/transatravel.ro\/wp-content\/uploads\/2025\/12\/claudia-bocii.jpg\" class=\"event-author-img\">\n                                <span class=\"event-hosted-by\">\n                                                Hosted by<br>\n                                    Lark Nest                                            <\/span>\n                            <\/div>\n                            <a href=\"https:\/\/transatravel.ro\/en\/evenimente\/paste-autentic-egg-hunt-la-lark-nest\/\"><img loading=\"lazy\" decoding=\"async\" src=\"https:\/\/transatravel.ro\/wp-content\/uploads\/2026\/03\/larknest-primavara-2026-360x198.jpg\" alt=\"Authentic Easter &amp; Egg Hunt at Lark Nest\"><\/a>\n                        <\/div>\n                                        <div class=\"lp-event-outer-container\">\n                        <div class=\"lp-event-outer-content margin-bottom-10\">\n                                                            <div class=\"lp-evnt-date-container\">\n                                    <div class=\"lp-evnt-date-container-inner\">\n                                        <span>12<\/span>\n                                        <span>Apr<\/span>\n                                    <\/div>\n                                <\/div>\n                                                        <div class=\"lp-evnt-content-container\">\n                                <a href=\"https:\/\/transatravel.ro\/en\/evenimente\/paste-autentic-egg-hunt-la-lark-nest\/\">Authentic Easter &amp; Egg Hunt at Lark Nest<\/a>\n                                <ul class=\"lp-event-venue\">\n                                                                            <li>\n                                            <span title=\"Event Start\">\n                                                <i class=\"fa fa-clock-o\" aria-hidden=\"true\" style=\"color: #06ff00;\"><\/i>10:00 - Apr 12,2026                                                                                            <\/span>\n                                        <\/li>\n                                                                                                                <li>\n                                            <span title=\"Event End\">\n                                                <i class=\"fa fa-clock-o\" aria-hidden=\"true\" style=\"color: #ff0002;\"><\/i>22:00 - Apr 14,2026                                                                                            <\/span>\n                                        <\/li>\n                                                                                                                <li>\n                                            <span><i class=\"fa fa-map-marker\" aria-hidden=\"true\"><\/i>Lark Nest, Str. Hiri\u0219e\u0219ti, Gorj, ..<\/span>\n                                        <\/li>\n                                                                    <\/ul>\n                            <\/div>\n                        <\/div>\n                                                    <div class=\"lp-attending-users-list\">\n                                                                    <ul class=\"lp-event-attendees\">\n                                                                                    <li><img loading=\"lazy\" decoding=\"async\" alt='image' src=\"https:\/\/transatravel.ro\/wp-content\/uploads\/2025\/12\/iulian-bocii.jpg\"><\/li>\n                                                                                        <li><img loading=\"lazy\" decoding=\"async\" alt='image' src=\"https:\/\/transatravel.ro\/wp-content\/uploads\/2025\/12\/claudia-bocii.jpg\"><\/li>\n                                                                                        <li><img loading=\"lazy\" decoding=\"async\" alt='image' src=\"https:\/\/transatravel.ro\/wp-content\/uploads\/2026\/03\/transatravel.ro-avatar.jpg\"><\/li>\n                                                                                <\/ul>\n                                                                        <span>3 Attendees<\/span>\n                                                                <\/div>\n                            <div class=\"lp-attending-users-outer\">\n                                <div class=\"lp-events-btns-outer\">\n                                    <input type=\"hidden\" class=\"going-text\" value=\"Going?\">\n                                    <input type=\"hidden\" class=\"not-going-text\" value=\"not going?\">\n                                                                            <button type=\"button\" class=\"md-trigger\" data-modal=\"modal-3\">GOING?<\/button>\n                                                                                                                <button type=\"button\" class=\"total-going\">0 going<\/button>\n                                    \n                                <\/div>\n                            <\/div>\n                            <div class=\"clearfix\"><\/div>                    <\/div>\n                <\/div>\n            <\/div>\n        <\/div>\n    <\/div>\n                    <\/div>\n                            <\/div>\n        <\/div>\n    <\/div>\n    \r\r\r<input type=\"hidden\" id=\"event_per_page\" value=\"all\">\r\r<div class=\"event-calender-list-view-wrap\">\r\r    <div class=\"event-calender-list-view calender-type-wrap event-calender-modern-main\" data-ctype=\"event-calender-list-view\">\r        <div class=\"calender-header\">\r\r            <div class=\"clearfix\">\r\r                <div class=\"col-md-4 text-left prev-mon-markup\"><i class=\"fa fa-angle-left\" aria-hidden=\"true\"><\/i> <span class=\"get-npm btn-pm\" data-npmnum=\"03,2026\">March<\/span><\/div>\r\r                <div class=\"col-md-4 text-center curr-mon-markup\"><span class=\"cc-month\" data-cmn=\"04,2026\">April 2026<\/span><\/div>\r\r                <div class=\"col-md-4 text-right next-mon-markup\"><span class=\"get-npm btn-nm\" data-npmnum=\"05,2026\">May<\/span><i class=\"fa fa-angle-right\" aria-hidden=\"true\"><\/i><\/div>\r\r            <\/div>\r\r        <\/div>\r\r        <div class=\"event-calender-monthly\">\r\r                                                                        <div class=\"list-calendar-inner-wrap\">\r\n                <div class=\"clearfix events-by-day-wrap-classic-con\">\r\n                    <div class=\"today-event-date-container col-md-6 padding-left-0\">\r\n                        <p class=\"margin-bottom-0 margin-top-10\">Events For <span>April<\/span> <\/p>\r\n                    <\/div>\r\n                    <div class=\"calender-header-switcher col-md-6 padding-right-0\">\r\n                        <ul>\r\n                            <li class=\"col-md-6 text-center show-calander-map\"><i class=\"fa fa-map-marker\" aria-hidden=\"true\"><\/i> Map View<\/li>\r\n                            <li class=\"col-md-6 text-center active show-calader-list\"><i class=\"fa fa-list-ul\" aria-hidden=\"true\"><\/i> List View<\/li>\r\n                        <\/ul>\r\n                    <\/div>\r\n                <\/div>\r\n                <div class=\"list-calendar-pager-wrap current-event-page-active\">\r\n                                            <div data-address=\"Lark Nest, Str. Hiri\u0219e\u0219ti, Gorj, Rom\u00e2nia\" data-posturl=\"https:\/\/transatravel.ro\/en\/evenimente\/paste-autentic-egg-hunt-la-lark-nest\/\" data-title=\"Pa\u0219te Autentic &amp; Egg Hunt la Lark Nest\" data-postid=\"28246\" data-lattitue=\"45.1764457\" data-longitute=\"23.6421365\" class=\"events-by-day-wrap active-event-for-map\" data-ebdt=\"ebdt-12\">\r\n                            <div class=\"event-by-day-wrap clearfix\">\r\n                                                                    <div class=\"event-img\">\r\n                                        <img loading=\"lazy\" decoding=\"async\" alt=\"image\" src=\"https:\/\/transatravel.ro\/wp-content\/uploads\/2026\/03\/larknest-primavara-2026-132x132.jpg\">\r\n                                    <\/div>\r\n                                                                <div class=\"event-by-going-wrap pull-right text-right\">\r\n                                            <p>Who is going?<\/p>\r\n        <p><span class=\"\" id=\"lpec-attendee-count-28246\">3<\/span> people are going <\/p>\r\n        <ul class=\"margin-top-10\" id=\"lpec-attendees-avatar-28246\">\r\n                                <li id=\"lpec-attendee-avatar-2-28246\">\r\n                        <img loading=\"lazy\" decoding=\"async\" src=\"https:\/\/transatravel.ro\/wp-content\/uploads\/2025\/12\/iulian-bocii.jpg\" alt=\"iulianbocii\">\r\n                    <\/li>\r\n                                    <li id=\"lpec-attendee-avatar-142-28246\">\r\n                        <img loading=\"lazy\" decoding=\"async\" src=\"https:\/\/transatravel.ro\/wp-content\/uploads\/2025\/12\/claudia-bocii.jpg\" alt=\"claudiab\">\r\n                    <\/li>\r\n                                    <li id=\"lpec-attendee-avatar-1-28246\">\r\n                        <img loading=\"lazy\" decoding=\"async\" src=\"https:\/\/transatravel.ro\/wp-content\/uploads\/2026\/03\/transatravel.ro-avatar.jpg\" alt=\"transatravel-ro\">\r\n                    <\/li>\r\n                                    <li class=\"md-trigger\" data-modal=\"modal-3\"><button><i class=\"fa fa-plus\" aria-hidden=\"true\"><\/i><\/button><\/li>\r\n                                            <ul>\r\n                                                <\/div>\r\n                                <div class=\"event-by-day-content-wrap pull-right\">\r\n                                    <p class=\"event-by-day-content-wrap-time\"><i class=\"fa fa-clock-o\" aria-hidden=\"true\"><\/i> 12 April 2026 10:00<\/p>\r\n                                    <a href=\"https:\/\/transatravel.ro\/en\/evenimente\/paste-autentic-egg-hunt-la-lark-nest\/\" class=\"event-by-day-content-wrap-time-title margin-bottom-10 margin-top-0\">Authentic Easter &amp; Egg Hunt at Lark Nest<\/a>\r\n                                    <p class=\"classic-event-by-day-content-wrap-time margin-bottom-10\">This spring, we invite you to rediscover the tranquillity of the Romanian village in a fairytale setting! At Lark Nest, we transform the Easter Holidays...<\/p>\r\n                                    <p><i class=\"fa fa-map-marker\" aria-hidden=\"true\"><\/i> Lark Nest, Hiri\u0219e\u0219ti Street, Gorj, Romania<\/p>\r\n                                <\/div>\r\n                            <\/div>\r\n                        <\/div>\r\n                    <\/div><div class=\"list-calendar-pager-wrap\">                <\/div>\r\n                <div class=\"event-calander-list-map\">\r\n                    <div id=\"map\" class=\"event-calander-map\"><\/div>\r\n                <\/div>\r\n                            <\/div>\r\n            \r        <\/div>\r\r    <\/div>\r\r    <div class=\"event-spinner\">\r\r        <i class=\"fa fa-spinner fa-spin\"><\/i>\r\r    <\/div>\r\r<\/div><\/div><\/div><\/div><\/div><\/div>\n\t\t<\/div>\n<\/div>","protected":false},"excerpt":{"rendered":"Prim\u0103vara aceasta, te invit\u0103m s\u0103 reg\u0103se\u0219ti lini\u0219tea satului rom&acirc;nesc &icirc;ntr-un cadru de poveste! La Lark Nest, transform\u0103m S\u0103rb\u0103torile Pascale &icirc;ntr-o experien\u021b\u0103 care &icirc;mbin\u0103 c\u0103ldura c\u0103su\u021belor din lemn cu bucuria tradi\u021biilor reinterpretate. Ce te a\u0219teapt\u0103 &icirc;n gr\u0103dina noastr\u0103: Cazare de poveste: Relaxare total\u0103 &icirc;n c\u0103su\u021be de lemn autentice, unde mirosul de r\u0103\u0219in\u0103 \u0219i lini\u0219tea naturii &icirc;\u021bi [...]","protected":false},"author":1,"featured_media":27900,"parent":0,"menu_order":0,"comment_status":"closed","ping_status":"closed","template":"","meta":{"footnotes":""},"class_list":["post-27836","page","type-page","status-publish","has-post-thumbnail","hentry"],"aioseo_notices":[],"_links":{"self":[{"href":"https:\/\/transatravel.ro\/en\/wp-json\/wp\/v2\/pages\/27836","targetHints":{"allow":["GET"]}}],"collection":[{"href":"https:\/\/transatravel.ro\/en\/wp-json\/wp\/v2\/pages"}],"about":[{"href":"https:\/\/transatravel.ro\/en\/wp-json\/wp\/v2\/types\/page"}],"author":[{"embeddable":true,"href":"https:\/\/transatravel.ro\/en\/wp-json\/wp\/v2\/users\/1"}],"replies":[{"embeddable":true,"href":"https:\/\/transatravel.ro\/en\/wp-json\/wp\/v2\/comments?post=27836"}],"version-history":[{"count":0,"href":"https:\/\/transatravel.ro\/en\/wp-json\/wp\/v2\/pages\/27836\/revisions"}],"wp:featuredmedia":[{"embeddable":true,"href":"https:\/\/transatravel.ro\/en\/wp-json\/wp\/v2\/media\/27900"}],"wp:attachment":[{"href":"https:\/\/transatravel.ro\/en\/wp-json\/wp\/v2\/media?parent=27836"}],"curies":[{"name":"wp","href":"https:\/\/api.w.org\/{rel}","templated":true}]}}