{"id":5323,"date":"2019-09-02T10:02:29","date_gmt":"2019-09-02T10:02:29","guid":{"rendered":"https:\/\/golotest.uxper.co?page_id=3"},"modified":"2026-02-24T16:44:52","modified_gmt":"2026-02-24T14:44:52","slug":"privacy-policy","status":"publish","type":"page","link":"https:\/\/transatravel.ro\/en\/politica-de-confidentialitate\/","title":{"rendered":"Privacy Policy"},"content":{"rendered":"<div  id=\"lp_69e5ad566f9ec\" class=\"lp-section-row\">\n\t\t<div class=\"lp_section_inner  clearfix container\"  style=\"background-repeat: no-repeat;\"><div class=\"clearfix\"><div class=\"row lp-section-content clearfix\"><div class=\"wpb_column vc_column_container vc_col-sm-12\"><div class=\"vc_column-inner vc_custom_1746963438888\"><div class=\"wpb_wrapper\">\n\t<div class=\"wpb_text_column wpb_content_element\" >\n\t\t<div class=\"wpb_wrapper\">\n\t\t\t<h2>1. General Information<\/h2>\n<p>TransaTravel.ro respects the privacy and personal data protection of its users. This policy explains how we collect, use, store and protect personal information in accordance with Regulation (EU) 2016\/679 (GDPR).<\/p>\n<h2>2. Categories of Data Collected<\/h2>\n<p>We may collect the following personal data:<\/p>\n<ul>\n<li>\n<p>Full name<\/p>\n<\/li>\n<li>\n<p>Your e-mail address<\/p>\n<\/li>\n<li>\n<p>Phone number<\/p>\n<\/li>\n<li>\n<p>Authentication data (username, password)<\/p>\n<\/li>\n<li>\n<p>Location information (if volunteered)<\/p>\n<\/li>\n<li>\n<p>Technical data (IP address, device type, browser used)<\/p>\n<\/li>\n<li>\n<p>Information collected through cookies and similar technologies<\/p>\n<\/li>\n<\/ul>\n<h2>3. Purposes of Data Processing<\/h2>\n<p>The data collected is used for:<\/p>\n<ul>\n<li>\n<p>Providing and managing the services offered on TransaTravel.ro<\/p>\n<\/li>\n<li>\n<p>Improving the user experience<\/p>\n<\/li>\n<li>\n<p>Communicating with users (including sending newsletters where appropriate)<\/p>\n<\/li>\n<li>\n<p>Analysis of traffic and user behaviour on the website<\/p>\n<\/li>\n<li>\n<p>Compliance with legal obligations<\/p>\n<\/li>\n<\/ul>\n<h2>4. Legal Basis of Processing<\/h2>\n<p>We process personal data on the following legal grounds:<\/p>\n<ul>\n<li>\n<p>Explicit user consent<\/p>\n<\/li>\n<li>\n<p>Contract performance or pre-contractual steps<\/p>\n<\/li>\n<li>\n<p>Legal obligations<\/p>\n<\/li>\n<li>\n<p>The legitimate interest of TransaTravel.ro<\/p>\n<\/li>\n<\/ul>\n<h2>5. Data Recipients<\/h2>\n<p>Data may be disclosed to the following categories of recipients:<\/p>\n<ul>\n<li>\n<p>IT and hosting service providers<\/p>\n<\/li>\n<li>\n<p>Web analytics service providers (e.g., Google Analytics)<\/p>\n<\/li>\n<li>\n<p>Public authorities, where there are legal obligations<\/p>\n<\/li>\n<\/ul>\n<p>We ensure that all our partners comply with the GDPR data protection standards.<\/p>\n<h2>6. Transfer of Data Abroad<\/h2>\n<p>We do not currently transfer personal data outside the European Economic Area. If such a situation should arise, we will ensure that adequate safeguards are in place under the GDPR.<\/p>\n<h2>7. Duration of Data Storage<\/h2>\n<p>Personal data are stored for the period necessary to fulfil the purposes for which they were collected or as long as necessary to fulfil legal obligations.<\/p>\n<h2>8. User Rights<\/h2>\n<p>Under GDPR, you have the following rights:<\/p>\n<ul>\n<li>\n<p>Right of access to data<\/p>\n<\/li>\n<li>\n<p>Right to rectification<\/p>\n<\/li>\n<li>\n<p>Right to erasure ('right to be forgotten')<\/p>\n<\/li>\n<li>\n<p>Right to restrict processing<\/p>\n<\/li>\n<li>\n<p>Right to data portability<\/p>\n<\/li>\n<li>\n<p>Right to object<\/p>\n<\/li>\n<li>\n<p>The right not to be subject to automated decisions, including profiling<\/p>\n<\/li>\n<\/ul>\n<p>To exercise these rights, you can contact us by e-mail: <a href=\"mailto:contact@transatravel.ro\">contact@transatravel.ro<\/a>.<\/p>\n<h2>9. Data Security<\/h2>\n<p>We implement appropriate technical and organisational measures to protect personal data against unauthorised access, loss or destruction.<\/p>\n<h2>10. Use of Cookies<\/h2>\n<p>Our website uses cookies to improve the user experience. For more information, please see <a title=\"Cookie Policy\" href=\"\/en\/cookie-policy\/\">Cookie Policy<\/a>.<\/p>\n<h2>11. Changes to the Privacy Policy<\/h2>\n<p>We reserve the right to update this privacy policy. Any changes will be posted on this page and users will be informed accordingly<\/p>\n\n\t\t<\/div>\n\t<\/div>\n<\/div><\/div><\/div><\/div><\/div>\n\t\t<\/div>\n<\/div>","protected":false},"excerpt":{"rendered":"1. Informa\u021bii Generale TransaTravel.ro respect\u0103 confiden\u021bialitatea \u0219i protec\u021bia datelor cu caracter personal ale utilizatorilor s\u0103i. Aceast\u0103 politic\u0103 explic\u0103 modul \u00een care colect\u0103m, utiliz\u0103m, stoc\u0103m \u0219i protej\u0103m informa\u021biile personale \u00een conformitate cu Regulamentul (UE) 2016\/679 (GDPR). 2. Categorii de Date Colectate Putem colecta urm\u0103toarele date cu caracter personal: Nume \u0219i prenume Adresa de e-mail Num\u0103r de [...]","protected":false},"author":1,"featured_media":27392,"parent":0,"menu_order":0,"comment_status":"closed","ping_status":"closed","template":"","meta":{"footnotes":""},"class_list":["post-5323","page","type-page","status-publish","has-post-thumbnail","hentry"],"aioseo_notices":[],"_links":{"self":[{"href":"https:\/\/transatravel.ro\/en\/wp-json\/wp\/v2\/pages\/5323","targetHints":{"allow":["GET"]}}],"collection":[{"href":"https:\/\/transatravel.ro\/en\/wp-json\/wp\/v2\/pages"}],"about":[{"href":"https:\/\/transatravel.ro\/en\/wp-json\/wp\/v2\/types\/page"}],"author":[{"embeddable":true,"href":"https:\/\/transatravel.ro\/en\/wp-json\/wp\/v2\/users\/1"}],"replies":[{"embeddable":true,"href":"https:\/\/transatravel.ro\/en\/wp-json\/wp\/v2\/comments?post=5323"}],"version-history":[{"count":1,"href":"https:\/\/transatravel.ro\/en\/wp-json\/wp\/v2\/pages\/5323\/revisions"}],"predecessor-version":[{"id":28232,"href":"https:\/\/transatravel.ro\/en\/wp-json\/wp\/v2\/pages\/5323\/revisions\/28232"}],"wp:featuredmedia":[{"embeddable":true,"href":"https:\/\/transatravel.ro\/en\/wp-json\/wp\/v2\/media\/27392"}],"wp:attachment":[{"href":"https:\/\/transatravel.ro\/en\/wp-json\/wp\/v2\/media?parent=5323"}],"curies":[{"name":"wp","href":"https:\/\/api.w.org\/{rel}","templated":true}]}}