{"id":5958,"date":"2023-04-04T15:17:12","date_gmt":"2023-04-04T12:17:12","guid":{"rendered":"https:\/\/transatravel.ro\/?page_id=5958"},"modified":"2026-02-24T16:41:18","modified_gmt":"2026-02-24T14:41:18","slug":"terms-and-conditions","status":"publish","type":"page","link":"https:\/\/transatravel.ro\/en\/termeni-si-conditii\/","title":{"rendered":"Terms &amp; Conditions"},"content":{"rendered":"<div  id=\"lp_69e5ad0ec032e\" class=\"lp-section-row\">\n\t\t<div class=\"lp_section_inner  clearfix container\"  style=\"background-repeat: no-repeat;\"><div class=\"clearfix\"><div class=\"row lp-section-content clearfix\"><div class=\"wpb_column vc_column_container vc_col-sm-12\"><div class=\"vc_column-inner vc_custom_1746963646526\"><div class=\"wpb_wrapper\">\n\t<div class=\"wpb_text_column wpb_content_element\" >\n\t\t<div class=\"wpb_wrapper\">\n\t\t\t<h2>1. General Information<\/h2>\n<p>TransaTravel.ro is an online platform for promotion, information and socialisation, with the main purpose of highlighting the Oltenia submontane region. The platform is owned and administered by Boc\u00eei Claudia - Rodica, Authorised Natural Person, based in Anini\u0219u din Vale, Nr. 18, Comuna Crasna, County of Gorj, 217167, registered at the Trade Register under number F18\/528\/2015, C.U.I. 35000992.<\/p>\n<h2>2. Acceptance of Terms and Conditions<\/h2>\n<p>By accessing and using the TransaTravel.ro website, users fully and unconditionally accept the terms and conditions presented. If you do not agree with these terms, please stop using the site.<\/p>\n<h2>3. Definitions<\/h2>\n<ul>\n<li><strong>Platform\/Site<\/strong>: TransaTravel.ro and all associated pages and services.<\/li>\n<li><strong>User<\/strong>: Any natural or legal person accessing or using the website.<\/li>\n<li><strong>Site Administrator<\/strong>: Boc\u00eei Claudia - Rodica, PFA.<\/li>\n<li><strong>service<\/strong>: Any functionality offered through the site.<\/li>\n<\/ul>\n<h2>4. Description of Services<\/h2>\n<p>TransaTravel.ro provides up-to-date information about the localities in the Oltenia submontana area, including news, press reviews and other information taken from third parties. The platform also includes sales and service adverts, promotional offers from local commercial agents, such as accommodation offers, restaurants, clubs, shops, etc.<\/p>\n<h2>5. Users' Rights and Obligations<\/h2>\n<ul>\n<li>Users have the right to access and use the site for personal and non-commercial purposes.<\/li>\n<li>It is forbidden to use the site for illegal or immoral activities.<\/li>\n<li>Users are responsible for the accuracy of the information provided on the website.<\/li>\n<\/ul>\n<h2>6. Rights and Obligations of the Administrator<\/h2>\n<ul>\n<li>The Administrator has the right to modify or discontinue, temporarily or permanently, the Website or any part thereof, with or without notice.<\/li>\n<li>The Administrator is not responsible for any errors or omissions in content provided by third parties.<\/li>\n<\/ul>\n<h2>7. Intellectual Property<\/h2>\n<p>The content of the Website, including but not limited to text, images, logos and design, is protected by copyright laws and is the property of TransaTravel.ro or third parties who have authorised its use. It is prohibited to reproduce, distribute or use the content without the prior written consent of the rights holder.<\/p>\n<h2>8. Limitation of Liability<\/h2>\n<p>TransaTravel.ro does not guarantee that services will be uninterrupted or error-free. The administrator is not responsible for any direct or indirect damages resulting from the use or impossibility to use the website.<\/p>\n<h2>9. Changes to the Terms and Conditions<\/h2>\n<p>The Administrator reserves the right to change the terms and conditions at any time. Changes will be posted on this page and will be effective from the date of publication. Your continued use of the site after changes constitute your acceptance of the changes.<\/p>\n<h2>10. Applicable Law and Jurisdiction<\/h2>\n<p>These terms and conditions are governed by Romanian law. Any dispute arising in connection with the use of the site will be settled by the competent courts in Romania.<\/p>\n<h2>11. Contact<\/h2>\n<p>For questions or clarifications, you can contact us at:<\/p>\n<p><strong>Email:<\/strong> <a href=\"mailto:contact@transatravel.ro\">contact@transatravel.ro<\/a><br \/>\n<strong>Telephone:<\/strong> <a href=\"tel:+40 745 063 088\">+40 745 063 088<\/a><br \/>\n<strong>Address:<\/strong> Hiri\u0219e\u0219ti 66, Novaci, Gorj, Gorj, Romania<\/p>\n\n\t\t<\/div>\n\t<\/div>\n<\/div><\/div><\/div><\/div><\/div>\n\t\t<\/div>\n<\/div>","protected":false},"excerpt":{"rendered":"1. Informa\u021bii Generale TransaTravel.ro este o platform\u0103 online de promovare, informare \u0219i socializare, av\u00e2nd ca scop principal eviden\u021bierea regiunii Oltenia submontan\u0103. Platforma este de\u021binut\u0103 \u0219i administrat\u0103 de Boc\u00eei Claudia \u2013 Rodica, Persoan\u0103 Fizic\u0103 Autorizat\u0103, cu sediul \u00een Anini\u0219u din Vale, Nr. 18, Comuna Crasna, Jude\u021bul Gorj, 217167, \u00eenregistrat\u0103 la Registrul Comer\u021bului cu num\u0103rul F18\/528\/2015, C.U.I. [...]","protected":false},"author":1,"featured_media":27392,"parent":0,"menu_order":0,"comment_status":"closed","ping_status":"closed","template":"","meta":{"footnotes":""},"class_list":["post-5958","page","type-page","status-publish","has-post-thumbnail","hentry"],"aioseo_notices":[],"_links":{"self":[{"href":"https:\/\/transatravel.ro\/en\/wp-json\/wp\/v2\/pages\/5958","targetHints":{"allow":["GET"]}}],"collection":[{"href":"https:\/\/transatravel.ro\/en\/wp-json\/wp\/v2\/pages"}],"about":[{"href":"https:\/\/transatravel.ro\/en\/wp-json\/wp\/v2\/types\/page"}],"author":[{"embeddable":true,"href":"https:\/\/transatravel.ro\/en\/wp-json\/wp\/v2\/users\/1"}],"replies":[{"embeddable":true,"href":"https:\/\/transatravel.ro\/en\/wp-json\/wp\/v2\/comments?post=5958"}],"version-history":[{"count":1,"href":"https:\/\/transatravel.ro\/en\/wp-json\/wp\/v2\/pages\/5958\/revisions"}],"predecessor-version":[{"id":28228,"href":"https:\/\/transatravel.ro\/en\/wp-json\/wp\/v2\/pages\/5958\/revisions\/28228"}],"wp:featuredmedia":[{"embeddable":true,"href":"https:\/\/transatravel.ro\/en\/wp-json\/wp\/v2\/media\/27392"}],"wp:attachment":[{"href":"https:\/\/transatravel.ro\/en\/wp-json\/wp\/v2\/media?parent=5958"}],"curies":[{"name":"wp","href":"https:\/\/api.w.org\/{rel}","templated":true}]}}