{"id":8599,"date":"2025-05-25T22:58:30","date_gmt":"2025-05-25T19:58:30","guid":{"rendered":"https:\/\/transatravel.ro\/?page_id=8599"},"modified":"2026-02-24T16:44:10","modified_gmt":"2026-02-24T14:44:10","slug":"cookie-policy","status":"publish","type":"page","link":"https:\/\/transatravel.ro\/en\/politica-cookie\/","title":{"rendered":"Cookie Policy"},"content":{"rendered":"<div  id=\"lp_69e5a92f24b7e\" class=\"lp-section-row\">\n\t\t<div class=\"lp_section_inner  clearfix\"  style=\"background-repeat: no-repeat;\"><div class=\"clearfix container\"><div class=\"row lp-section-content clearfix\"><div class=\"wpb_column vc_column_container vc_col-sm-12\"><div class=\"vc_column-inner\"><div class=\"wpb_wrapper\">\n\t<div class=\"wpb_text_column wpb_content_element\" >\n\t\t<div class=\"wpb_wrapper\">\n\t\t\t<p>\n<b>Last update: 25\/05\/2025<\/b><\/p>\n<p>This Cookie Policy explains how TransaTravel.ro uses cookies and similar technologies to recognise users who access our website. The policy provides information about these technologies, the purposes for which they are used and your rights to control their use.<\/p>\n<h2>What are cookies?<\/h2>\n<p>Cookies are small text files placed on your device (computer, tablet, mobile phone, etc.) when you visit a website. They are widely used to make websites work, be more efficient or provide information to the site owners.<\/p>\n<h2>What types of cookies do we use?<\/h2>\n<p>TransaTravel.ro uses the following categories of cookies:<\/p>\n<h3>1. Strictly necessary cookies<\/h3>\n<p>These cookies are essential for the proper functioning of the website. They allow you to browse the site and use its basic functions (e.g. logging in, staying logged in, adding products to your basket).<\/p>\n<h3>2. Performance and analysis cookies<\/h3>\n<p>They help us understand how visitors interact with our website by collecting anonymised information (e.g. pages visited, time spent on page, loading errors). We use services such as Google Analytics for this analysis.<\/p>\n<h3>3. Functionality cookies<\/h3>\n<p>These cookies allow the site to remember your choices (e.g. location, preferred language) to provide a personalised experience.<\/p>\n<h3>4. Advertising and targeting cookies<\/h3>\n<p>They are used to deliver adverts relevant to your interests, both on our website and on other sites. They may be set by us or third parties (e.g. advertising networks).<\/p>\n<h2>Third-party cookies<\/h2>\n<p>Cookies may be placed on our website by third parties (e.g. Google, Facebook, Instagram) to provide you with integrated content, social features or personalised advertising. We do not control these cookies and recommend that you consult the policies of these third parties for more information.<\/p>\n<h2>How can you control cookies?<\/h2>\n<p>You have the right to accept or refuse the use of cookies (except where strictly necessary). On your first visit to the site, we will ask for your consent via an information banner.<\/p>\n<p>You can also change your browser settings to refuse or delete cookies. Below are links to instructions for the most commonly used browsers:<\/p>\n<ul>\n<li><a href=\"https:\/\/support.google.com\/chrome\/answer\/95647\">Google Chrome<\/a><\/li>\n<li><a href=\"https:\/\/support.mozilla.org\/ro\/kb\/activarea-si-dezactivarea-cookie-urilor\">Mozilla Firefox<\/a><\/li>\n<li><a href=\"https:\/\/support.apple.com\/ro-ro\/guide\/safari\/sfri11471\/mac\">Safari<\/a><\/li>\n<li><a href=\"https:\/\/support.microsoft.com\/ro-ro\/microsoft-edge\">Microsoft Edge<\/a><\/li>\n<\/ul>\n<p>Please note that disabling cookies may affect the functionality of certain sections of the website.<\/p>\n<h2>Policy changes<\/h2>\n<p>We reserve the right to update this policy at any time to reflect changes in legislation or in the way we use cookies. Any changes will be published on this page together with the date of the last update.<\/p>\n<h2>Contact<\/h2>\n<p>For any questions about the use of cookies or the protection of personal data, you can contact us at:<br \/>\n<strong>Email:<\/strong> <a href=\"mailto:contact@transatravel.ro\">contact@transatravel.ro<\/a><br \/>\n<strong>Telephone:<\/strong> <a href=\"tel:+40 745 063 088\">+40 745 063 088<\/a><br \/>\n<strong>Address:<\/strong> Hiri\u0219e\u0219ti 66, Novaci, Gorj, Gorj, Romania<\/p>\n\n\t\t<\/div>\n\t<\/div>\n<\/div><\/div><\/div><\/div><\/div>\n\t\t<\/div>\n<\/div>","protected":false},"excerpt":{"rendered":"Ultima actualizare: 25\/05\/2025 Prezenta Politic\u0103 privind Cookie-urile explic\u0103 modul \u00een care TransaTravel.ro utilizeaz\u0103 module cookie \u0219i tehnologii similare pentru a recunoa\u0219te utilizatorii care acceseaz\u0103 site-ul nostru. Politica ofer\u0103 informa\u021bii despre aceste tehnologii, scopurile \u00een care sunt utilizate \u0219i drepturile dumneavoastr\u0103 de a controla utilizarea acestora. Ce sunt cookie-urile? Cookie-urile sunt fi\u0219iere text mici plasate pe [...]","protected":false},"author":1,"featured_media":27392,"parent":0,"menu_order":0,"comment_status":"closed","ping_status":"closed","template":"","meta":{"footnotes":""},"class_list":["post-8599","page","type-page","status-publish","has-post-thumbnail","hentry"],"aioseo_notices":[],"_links":{"self":[{"href":"https:\/\/transatravel.ro\/en\/wp-json\/wp\/v2\/pages\/8599","targetHints":{"allow":["GET"]}}],"collection":[{"href":"https:\/\/transatravel.ro\/en\/wp-json\/wp\/v2\/pages"}],"about":[{"href":"https:\/\/transatravel.ro\/en\/wp-json\/wp\/v2\/types\/page"}],"author":[{"embeddable":true,"href":"https:\/\/transatravel.ro\/en\/wp-json\/wp\/v2\/users\/1"}],"replies":[{"embeddable":true,"href":"https:\/\/transatravel.ro\/en\/wp-json\/wp\/v2\/comments?post=8599"}],"version-history":[{"count":1,"href":"https:\/\/transatravel.ro\/en\/wp-json\/wp\/v2\/pages\/8599\/revisions"}],"predecessor-version":[{"id":28231,"href":"https:\/\/transatravel.ro\/en\/wp-json\/wp\/v2\/pages\/8599\/revisions\/28231"}],"wp:featuredmedia":[{"embeddable":true,"href":"https:\/\/transatravel.ro\/en\/wp-json\/wp\/v2\/media\/27392"}],"wp:attachment":[{"href":"https:\/\/transatravel.ro\/en\/wp-json\/wp\/v2\/media?parent=8599"}],"curies":[{"name":"wp","href":"https:\/\/api.w.org\/{rel}","templated":true}]}}